{"id":804,"date":"2024-01-29T11:09:10","date_gmt":"2024-01-29T07:09:10","guid":{"rendered":"https:\/\/azgreen.az\/?page_id=804"},"modified":"2024-02-25T22:29:05","modified_gmt":"2024-02-25T18:29:05","slug":"our-partners","status":"publish","type":"page","link":"https:\/\/azgreen.az\/az\/our-partners\/","title":{"rendered":"Our Partners?"},"content":{"rendered":"<div data-elementor-type=\"wp-page\" data-elementor-id=\"804\" class=\"elementor elementor-804\" data-elementor-post-type=\"page\">\n\t\t\t\t<div class=\"elementor-element elementor-element-715b3f7 e-con-full e-flex e-con e-parent\" data-id=\"715b3f7\" data-element_type=\"container\">\n\t\t\t\t<div class=\"elementor-element elementor-element-2ea8510 elementor-widget elementor-widget-heading\" data-id=\"2ea8510\" data-element_type=\"widget\" data-widget_type=\"heading.default\">\n\t\t\t\t<div class=\"elementor-widget-container\">\n\t\t\t\t\t<h2 class=\"elementor-heading-title elementor-size-default\">\u018fm\u0259kda\u015flar\u0131m\u0131z<\/h2>\t\t\t\t<\/div>\n\t\t\t\t<\/div>\n\t\t\t\t<div class=\"elementor-element elementor-element-c5d56d5 elementor-widget elementor-widget-text-editor\" data-id=\"c5d56d5\" data-element_type=\"widget\" data-widget_type=\"text-editor.default\">\n\t\t\t\t<div class=\"elementor-widget-container\">\n\t\t\t\t\t\t\t\t\t<p class=\" translation-block\">Davaml\u0131l\u0131q v\u0259 \u0259traf m\u00fchitin m\u00fchafiz\u0259si \u00fczr\u0259 \u00f6hd\u0259liyimizi b\u00f6l\u00fc\u015f\u0259n m\u00fcxt\u0259lif <br>\nt\u0259r\u0259fda\u015flar qrupu il\u0259 \u0259m\u0259kda\u015fl\u0131q etm\u0259kd\u0259n q\u00fcrur duyuruq. <br> D\u0259y\u0259rli \nt\u0259r\u0259fda\u015flar\u0131m\u0131za a\u015fa\u011f\u0131dak\u0131lar daxildir:<\/p>\t\t\t\t\t\t\t\t<\/div>\n\t\t\t\t<\/div>\n\t\t\t\t<\/div>\n\t\t<div class=\"elementor-element elementor-element-bb7976a e-flex e-con-boxed e-con e-parent\" data-id=\"bb7976a\" data-element_type=\"container\">\n\t\t\t\t\t<div class=\"e-con-inner\">\n\t\t<div class=\"elementor-element elementor-element-73df74d e-con-full e-flex e-con e-child\" data-id=\"73df74d\" data-element_type=\"container\">\n\t\t\t\t<div class=\"elementor-element elementor-element-e4d5d19 elementor-widget elementor-widget-image\" data-id=\"e4d5d19\" data-element_type=\"widget\" data-widget_type=\"image.default\">\n\t\t\t\t<div class=\"elementor-widget-container\">\n\t\t\t\t\t\t\t\t\t\t\t\t\t\t\t<img fetchpriority=\"high\" decoding=\"async\" width=\"737\" height=\"160\" src=\"https:\/\/azgreen.az\/wp-content\/uploads\/2024\/01\/azercosmos-logo-0.png\" class=\"attachment-large size-large wp-image-826\" alt=\"\" srcset=\"https:\/\/azgreen.az\/wp-content\/uploads\/2024\/01\/azercosmos-logo-0.png 737w, https:\/\/azgreen.az\/wp-content\/uploads\/2024\/01\/azercosmos-logo-0-300x65.png 300w\" sizes=\"(max-width: 737px) 100vw, 737px\" \/>\t\t\t\t\t\t\t\t\t\t\t\t\t\t\t<\/div>\n\t\t\t\t<\/div>\n\t\t\t\t<\/div>\n\t\t<div class=\"elementor-element elementor-element-a64274c e-con-full e-flex e-con e-child\" data-id=\"a64274c\" data-element_type=\"container\">\n\t\t\t\t<div class=\"elementor-element elementor-element-be5d32c elementor-widget elementor-widget-image\" data-id=\"be5d32c\" data-element_type=\"widget\" data-widget_type=\"image.default\">\n\t\t\t\t<div class=\"elementor-widget-container\">\n\t\t\t\t\t\t\t\t\t\t\t\t\t\t\t<img decoding=\"async\" width=\"600\" height=\"600\" src=\"https:\/\/azgreen.az\/wp-content\/uploads\/2024\/01\/192527.png\" class=\"attachment-large size-large wp-image-827\" alt=\"\" srcset=\"https:\/\/azgreen.az\/wp-content\/uploads\/2024\/01\/192527.png 600w, https:\/\/azgreen.az\/wp-content\/uploads\/2024\/01\/192527-300x300.png 300w, https:\/\/azgreen.az\/wp-content\/uploads\/2024\/01\/192527-150x150.png 150w\" sizes=\"(max-width: 600px) 100vw, 600px\" \/>\t\t\t\t\t\t\t\t\t\t\t\t\t\t\t<\/div>\n\t\t\t\t<\/div>\n\t\t\t\t<\/div>\n\t\t<div class=\"elementor-element elementor-element-80a752f e-con-full e-flex e-con e-child\" data-id=\"80a752f\" data-element_type=\"container\">\n\t\t\t\t<div class=\"elementor-element elementor-element-ea6100d elementor-widget elementor-widget-image\" data-id=\"ea6100d\" data-element_type=\"widget\" data-widget_type=\"image.default\">\n\t\t\t\t<div class=\"elementor-widget-container\">\n\t\t\t\t\t\t\t\t\t\t\t\t\t\t\t<img decoding=\"async\" width=\"1024\" height=\"663\" src=\"https:\/\/azgreen.az\/wp-content\/uploads\/2024\/01\/British-Embassies-1024x663.jpg\" class=\"attachment-large size-large wp-image-828\" alt=\"\" srcset=\"https:\/\/azgreen.az\/wp-content\/uploads\/2024\/01\/British-Embassies-1024x663.jpg 1024w, https:\/\/azgreen.az\/wp-content\/uploads\/2024\/01\/British-Embassies-300x194.jpg 300w, https:\/\/azgreen.az\/wp-content\/uploads\/2024\/01\/British-Embassies-768x498.jpg 768w, https:\/\/azgreen.az\/wp-content\/uploads\/2024\/01\/British-Embassies-1536x995.jpg 1536w, https:\/\/azgreen.az\/wp-content\/uploads\/2024\/01\/British-Embassies.jpg 1852w\" sizes=\"(max-width: 1024px) 100vw, 1024px\" \/>\t\t\t\t\t\t\t\t\t\t\t\t\t\t\t<\/div>\n\t\t\t\t<\/div>\n\t\t\t\t<\/div>\n\t\t<div class=\"elementor-element elementor-element-c274474 e-con-full e-flex e-con e-child\" data-id=\"c274474\" data-element_type=\"container\">\n\t\t\t\t<div class=\"elementor-element elementor-element-a7e3c1a elementor-widget elementor-widget-image\" data-id=\"a7e3c1a\" data-element_type=\"widget\" data-widget_type=\"image.default\">\n\t\t\t\t<div class=\"elementor-widget-container\">\n\t\t\t\t\t\t\t\t\t\t\t\t\t\t\t<img loading=\"lazy\" decoding=\"async\" width=\"850\" height=\"530\" src=\"https:\/\/azgreen.az\/wp-content\/uploads\/2024\/01\/US-embassy-baku.jpg\" class=\"attachment-large size-large wp-image-829\" alt=\"\" srcset=\"https:\/\/azgreen.az\/wp-content\/uploads\/2024\/01\/US-embassy-baku.jpg 850w, https:\/\/azgreen.az\/wp-content\/uploads\/2024\/01\/US-embassy-baku-300x187.jpg 300w, https:\/\/azgreen.az\/wp-content\/uploads\/2024\/01\/US-embassy-baku-768x479.jpg 768w\" sizes=\"(max-width: 850px) 100vw, 850px\" \/>\t\t\t\t\t\t\t\t\t\t\t\t\t\t\t<\/div>\n\t\t\t\t<\/div>\n\t\t\t\t<\/div>\n\t\t<div class=\"elementor-element elementor-element-d5175c7 e-con-full e-flex e-con e-child\" data-id=\"d5175c7\" data-element_type=\"container\">\n\t\t\t\t<div class=\"elementor-element elementor-element-2cf4008 elementor-widget elementor-widget-image\" data-id=\"2cf4008\" data-element_type=\"widget\" data-widget_type=\"image.default\">\n\t\t\t\t<div class=\"elementor-widget-container\">\n\t\t\t\t\t\t\t\t\t\t\t\t\t\t\t<img loading=\"lazy\" decoding=\"async\" width=\"800\" height=\"515\" src=\"https:\/\/azgreen.az\/wp-content\/uploads\/2024\/01\/Adalogonew.png\" class=\"attachment-large size-large wp-image-833\" alt=\"\" srcset=\"https:\/\/azgreen.az\/wp-content\/uploads\/2024\/01\/Adalogonew.png 800w, https:\/\/azgreen.az\/wp-content\/uploads\/2024\/01\/Adalogonew-300x193.png 300w, https:\/\/azgreen.az\/wp-content\/uploads\/2024\/01\/Adalogonew-768x494.png 768w\" sizes=\"(max-width: 800px) 100vw, 800px\" \/>\t\t\t\t\t\t\t\t\t\t\t\t\t\t\t<\/div>\n\t\t\t\t<\/div>\n\t\t\t\t<\/div>\n\t\t<div class=\"elementor-element elementor-element-adb417a e-con-full e-flex e-con e-child\" data-id=\"adb417a\" data-element_type=\"container\">\n\t\t\t\t<div class=\"elementor-element elementor-element-5d6d3ae elementor-widget elementor-widget-image\" data-id=\"5d6d3ae\" data-element_type=\"widget\" data-widget_type=\"image.default\">\n\t\t\t\t<div class=\"elementor-widget-container\">\n\t\t\t\t\t\t\t\t\t\t\t\t\t\t\t<img loading=\"lazy\" decoding=\"async\" width=\"200\" height=\"200\" src=\"https:\/\/azgreen.az\/wp-content\/uploads\/2024\/01\/1631315954502.jpg\" class=\"attachment-large size-large wp-image-835\" alt=\"\" srcset=\"https:\/\/azgreen.az\/wp-content\/uploads\/2024\/01\/1631315954502.jpg 200w, https:\/\/azgreen.az\/wp-content\/uploads\/2024\/01\/1631315954502-150x150.jpg 150w\" sizes=\"(max-width: 200px) 100vw, 200px\" \/>\t\t\t\t\t\t\t\t\t\t\t\t\t\t\t<\/div>\n\t\t\t\t<\/div>\n\t\t\t\t<\/div>\n\t\t\t\t\t<\/div>\n\t\t\t\t<\/div>\n\t\t<div class=\"elementor-element elementor-element-1c1b913 e-con-full e-flex e-con e-parent\" data-id=\"1c1b913\" data-element_type=\"container\">\n\t\t<div class=\"elementor-element elementor-element-72193b6 e-con-full e-flex e-con e-child\" data-id=\"72193b6\" data-element_type=\"container\">\n\t\t\t\t<div class=\"elementor-element elementor-element-52c6b67 elementor-widget elementor-widget-image\" data-id=\"52c6b67\" data-element_type=\"widget\" data-widget_type=\"image.default\">\n\t\t\t\t<div class=\"elementor-widget-container\">\n\t\t\t\t\t\t\t\t\t\t\t\t\t\t\t<img loading=\"lazy\" decoding=\"async\" width=\"200\" height=\"200\" src=\"https:\/\/azgreen.az\/wp-content\/uploads\/2024\/01\/1630607325848.jpg\" class=\"attachment-large size-large wp-image-836\" alt=\"\" srcset=\"https:\/\/azgreen.az\/wp-content\/uploads\/2024\/01\/1630607325848.jpg 200w, https:\/\/azgreen.az\/wp-content\/uploads\/2024\/01\/1630607325848-150x150.jpg 150w\" sizes=\"(max-width: 200px) 100vw, 200px\" \/>\t\t\t\t\t\t\t\t\t\t\t\t\t\t\t<\/div>\n\t\t\t\t<\/div>\n\t\t\t\t<\/div>\n\t\t<div class=\"elementor-element elementor-element-36758c2 e-con-full e-flex e-con e-child\" data-id=\"36758c2\" data-element_type=\"container\">\n\t\t\t\t<div class=\"elementor-element elementor-element-856703c elementor-widget elementor-widget-image\" data-id=\"856703c\" data-element_type=\"widget\" data-widget_type=\"image.default\">\n\t\t\t\t<div class=\"elementor-widget-container\">\n\t\t\t\t\t\t\t\t\t\t\t\t\t\t\t<img loading=\"lazy\" decoding=\"async\" width=\"200\" height=\"200\" src=\"https:\/\/azgreen.az\/wp-content\/uploads\/2024\/01\/society_of_che_logo.jpg\" class=\"attachment-large size-large wp-image-837\" alt=\"\" srcset=\"https:\/\/azgreen.az\/wp-content\/uploads\/2024\/01\/society_of_che_logo.jpg 200w, https:\/\/azgreen.az\/wp-content\/uploads\/2024\/01\/society_of_che_logo-150x150.jpg 150w\" sizes=\"(max-width: 200px) 100vw, 200px\" \/>\t\t\t\t\t\t\t\t\t\t\t\t\t\t\t<\/div>\n\t\t\t\t<\/div>\n\t\t\t\t<\/div>\n\t\t<div class=\"elementor-element elementor-element-33bd7d0 e-con-full e-flex e-con e-child\" data-id=\"33bd7d0\" data-element_type=\"container\">\n\t\t\t\t<div class=\"elementor-element elementor-element-946d024 elementor-widget elementor-widget-image\" data-id=\"946d024\" data-element_type=\"widget\" data-widget_type=\"image.default\">\n\t\t\t\t<div class=\"elementor-widget-container\">\n\t\t\t\t\t\t\t\t\t\t\t\t\t\t\t<img loading=\"lazy\" decoding=\"async\" width=\"225\" height=\"225\" src=\"https:\/\/azgreen.az\/wp-content\/uploads\/2024\/01\/download.png\" class=\"attachment-large size-large wp-image-841\" alt=\"\" srcset=\"https:\/\/azgreen.az\/wp-content\/uploads\/2024\/01\/download.png 225w, https:\/\/azgreen.az\/wp-content\/uploads\/2024\/01\/download-150x150.png 150w\" sizes=\"(max-width: 225px) 100vw, 225px\" \/>\t\t\t\t\t\t\t\t\t\t\t\t\t\t\t<\/div>\n\t\t\t\t<\/div>\n\t\t\t\t<\/div>\n\t\t<div class=\"elementor-element elementor-element-b061e22 e-con-full e-flex e-con e-child\" data-id=\"b061e22\" data-element_type=\"container\">\n\t\t\t\t<div class=\"elementor-element elementor-element-8b40775 elementor-widget elementor-widget-image\" data-id=\"8b40775\" data-element_type=\"widget\" data-widget_type=\"image.default\">\n\t\t\t\t<div class=\"elementor-widget-container\">\n\t\t\t\t\t\t\t\t\t\t\t\t\t\t\t<img loading=\"lazy\" decoding=\"async\" width=\"450\" height=\"112\" src=\"https:\/\/azgreen.az\/wp-content\/uploads\/2024\/01\/BMU-University.png\" class=\"attachment-large size-large wp-image-842\" alt=\"\" srcset=\"https:\/\/azgreen.az\/wp-content\/uploads\/2024\/01\/BMU-University.png 450w, https:\/\/azgreen.az\/wp-content\/uploads\/2024\/01\/BMU-University-300x75.png 300w\" sizes=\"(max-width: 450px) 100vw, 450px\" \/>\t\t\t\t\t\t\t\t\t\t\t\t\t\t\t<\/div>\n\t\t\t\t<\/div>\n\t\t\t\t<\/div>\n\t\t<div class=\"elementor-element elementor-element-8eb73d6 e-con-full e-flex e-con e-child\" data-id=\"8eb73d6\" data-element_type=\"container\">\n\t\t\t\t<div class=\"elementor-element elementor-element-493b649 elementor-widget elementor-widget-image\" data-id=\"493b649\" data-element_type=\"widget\" data-widget_type=\"image.default\">\n\t\t\t\t<div class=\"elementor-widget-container\">\n\t\t\t\t\t\t\t\t\t\t\t\t\t\t\t<img loading=\"lazy\" decoding=\"async\" width=\"225\" height=\"225\" src=\"https:\/\/azgreen.az\/wp-content\/uploads\/2024\/01\/download-1.png\" class=\"attachment-large size-large wp-image-844\" alt=\"\" srcset=\"https:\/\/azgreen.az\/wp-content\/uploads\/2024\/01\/download-1.png 225w, https:\/\/azgreen.az\/wp-content\/uploads\/2024\/01\/download-1-150x150.png 150w\" sizes=\"(max-width: 225px) 100vw, 225px\" \/>\t\t\t\t\t\t\t\t\t\t\t\t\t\t\t<\/div>\n\t\t\t\t<\/div>\n\t\t\t\t<\/div>\n\t\t<div class=\"elementor-element elementor-element-afcac6d e-con-full e-flex e-con e-child\" data-id=\"afcac6d\" data-element_type=\"container\">\n\t\t\t\t<div class=\"elementor-element elementor-element-062a1fc elementor-widget elementor-widget-image\" data-id=\"062a1fc\" data-element_type=\"widget\" data-widget_type=\"image.default\">\n\t\t\t\t<div class=\"elementor-widget-container\">\n\t\t\t\t\t\t\t\t\t\t\t\t\t\t\t<img loading=\"lazy\" decoding=\"async\" width=\"1024\" height=\"536\" src=\"https:\/\/azgreen.az\/wp-content\/uploads\/2024\/01\/3B_Scientific_Logo-1024x536.jpg\" class=\"attachment-large size-large wp-image-845\" alt=\"\" srcset=\"https:\/\/azgreen.az\/wp-content\/uploads\/2024\/01\/3B_Scientific_Logo-1024x536.jpg 1024w, https:\/\/azgreen.az\/wp-content\/uploads\/2024\/01\/3B_Scientific_Logo-300x157.jpg 300w, https:\/\/azgreen.az\/wp-content\/uploads\/2024\/01\/3B_Scientific_Logo-768x402.jpg 768w, https:\/\/azgreen.az\/wp-content\/uploads\/2024\/01\/3B_Scientific_Logo.jpg 1499w\" sizes=\"(max-width: 1024px) 100vw, 1024px\" \/>\t\t\t\t\t\t\t\t\t\t\t\t\t\t\t<\/div>\n\t\t\t\t<\/div>\n\t\t\t\t<\/div>\n\t\t\t\t<\/div>\n\t\t<div class=\"elementor-element elementor-element-8d9bd90 e-flex e-con-boxed e-con e-parent\" data-id=\"8d9bd90\" data-element_type=\"container\">\n\t\t\t\t\t<div class=\"e-con-inner\">\n\t\t<div class=\"elementor-element elementor-element-4e818aa e-con-full e-flex e-con e-child\" data-id=\"4e818aa\" data-element_type=\"container\">\n\t\t\t\t<div class=\"elementor-element elementor-element-545c272 elementor-widget elementor-widget-image\" data-id=\"545c272\" data-element_type=\"widget\" data-widget_type=\"image.default\">\n\t\t\t\t<div class=\"elementor-widget-container\">\n\t\t\t\t\t\t\t\t\t\t\t\t\t\t\t<img loading=\"lazy\" decoding=\"async\" width=\"551\" height=\"91\" src=\"https:\/\/azgreen.az\/wp-content\/uploads\/2024\/01\/download-2.png\" class=\"attachment-large size-large wp-image-846\" alt=\"\" srcset=\"https:\/\/azgreen.az\/wp-content\/uploads\/2024\/01\/download-2.png 551w, https:\/\/azgreen.az\/wp-content\/uploads\/2024\/01\/download-2-300x50.png 300w\" sizes=\"(max-width: 551px) 100vw, 551px\" \/>\t\t\t\t\t\t\t\t\t\t\t\t\t\t\t<\/div>\n\t\t\t\t<\/div>\n\t\t\t\t<\/div>\n\t\t<div class=\"elementor-element elementor-element-f602f5d e-con-full e-flex e-con e-child\" data-id=\"f602f5d\" data-element_type=\"container\">\n\t\t\t\t<div class=\"elementor-element elementor-element-331d776 elementor-widget elementor-widget-image\" data-id=\"331d776\" data-element_type=\"widget\" data-widget_type=\"image.default\">\n\t\t\t\t<div class=\"elementor-widget-container\">\n\t\t\t\t\t\t\t\t\t\t\t\t\t\t\t<img loading=\"lazy\" decoding=\"async\" width=\"224\" height=\"225\" src=\"https:\/\/azgreen.az\/wp-content\/uploads\/2024\/01\/download-3.png\" class=\"attachment-large size-large wp-image-847\" alt=\"\" srcset=\"https:\/\/azgreen.az\/wp-content\/uploads\/2024\/01\/download-3.png 224w, https:\/\/azgreen.az\/wp-content\/uploads\/2024\/01\/download-3-150x150.png 150w\" sizes=\"(max-width: 224px) 100vw, 224px\" \/>\t\t\t\t\t\t\t\t\t\t\t\t\t\t\t<\/div>\n\t\t\t\t<\/div>\n\t\t\t\t<\/div>\n\t\t\t\t\t<\/div>\n\t\t\t\t<\/div>\n\t\t<div class=\"elementor-element elementor-element-29b8d35 e-flex e-con-boxed e-con e-parent\" data-id=\"29b8d35\" data-element_type=\"container\">\n\t\t\t\t\t<div class=\"e-con-inner\">\n\t\t\t\t<div class=\"elementor-element elementor-element-a1a3135 elementor-widget elementor-widget-text-editor\" data-id=\"a1a3135\" data-element_type=\"widget\" data-widget_type=\"text-editor.default\">\n\t\t\t\t<div class=\"elementor-widget-container\">\n\t\t\t\t\t\t\t\t\t<p class=\" translation-block\">Bizim t\u0259r\u0259fda\u015fl\u0131qlar\u0131m\u0131z davaml\u0131 v\u0259 daha ya\u015f\u0131l g\u0259l\u0259c\u0259k yaratmaq \u00fc\u00e7\u00fcn <br>\n\u00f6hd\u0259liyimiz\u0259 s\u00fcbutdur. Biz birlikd\u0259 ekoloji m\u0259suliyy\u0259ti v\u0259 korporativ <br>\ndavaml\u0131l\u0131\u011f\u0131 t\u0259\u015fviq ed\u0259n innovativ h\u0259ll\u0259r v\u0259 t\u0259\u015f\u0259bb\u00fcsl\u0259r istiqam\u0259tind\u0259 \ni\u015fl\u0259yirik.<\/p>\t\t\t\t\t\t\t\t<\/div>\n\t\t\t\t<\/div>\n\t\t\t\t\t<\/div>\n\t\t\t\t<\/div>\n\t\t\t\t<\/div>","protected":false},"excerpt":{"rendered":"<p>OUR PARTNERS We are proud to collaborate with a diverse group of partners who share our commitment to sustainability and environmental stewardship. Our esteemed partners include: Our partnerships are a testament to our collective commitment to creating a sustainable and greener future. Together, we work towards innovative solutions and initiatives that promote environmental responsibility and &hellip;<\/p>\n<p class=\"read-more\"> <a class=\"\" href=\"https:\/\/azgreen.az\/az\/our-partners\/\"> <span class=\"screen-reader-text\">Our Partners?<\/span> Read More &raquo;<\/a><\/p>","protected":false},"author":1,"featured_media":0,"parent":0,"menu_order":0,"comment_status":"closed","ping_status":"closed","template":"","meta":{"site-sidebar-layout":"no-sidebar","site-content-layout":"page-builder","ast-site-content-layout":"full-width-container","site-content-style":"default","site-sidebar-style":"default","ast-global-header-display":"","ast-banner-title-visibility":"","ast-main-header-display":"","ast-hfb-above-header-display":"","ast-hfb-below-header-display":"","ast-hfb-mobile-header-display":"","site-post-title":"disabled","ast-breadcrumbs-content":"","ast-featured-img":"disabled","footer-sml-layout":"","theme-transparent-header-meta":"","adv-header-id-meta":"","stick-header-meta":"","header-above-stick-meta":"","header-main-stick-meta":"","header-below-stick-meta":"","astra-migrate-meta-layouts":"set","ast-page-background-enabled":"default","ast-page-background-meta":{"desktop":{"background-color":"var(--ast-global-color-4)","background-image":"","background-repeat":"repeat","background-position":"center center","background-size":"auto","background-attachment":"scroll","background-type":"","background-media":"","overlay-type":"","overlay-color":"","overlay-gradient":""},"tablet":{"background-color":"","background-image":"","background-repeat":"repeat","background-position":"center center","background-size":"auto","background-attachment":"scroll","background-type":"","background-media":"","overlay-type":"","overlay-color":"","overlay-gradient":""},"mobile":{"background-color":"","background-image":"","background-repeat":"repeat","background-position":"center center","background-size":"auto","background-attachment":"scroll","background-type":"","background-media":"","overlay-type":"","overlay-color":"","overlay-gradient":""}},"ast-content-background-meta":{"desktop":{"background-color":"var(--ast-global-color-5)","background-image":"","background-repeat":"repeat","background-position":"center center","background-size":"auto","background-attachment":"scroll","background-type":"","background-media":"","overlay-type":"","overlay-color":"","overlay-gradient":""},"tablet":{"background-color":"var(--ast-global-color-5)","background-image":"","background-repeat":"repeat","background-position":"center center","background-size":"auto","background-attachment":"scroll","background-type":"","background-media":"","overlay-type":"","overlay-color":"","overlay-gradient":""},"mobile":{"background-color":"var(--ast-global-color-5)","background-image":"","background-repeat":"repeat","background-position":"center center","background-size":"auto","background-attachment":"scroll","background-type":"","background-media":"","overlay-type":"","overlay-color":"","overlay-gradient":""}},"footnotes":""},"class_list":["post-804","page","type-page","status-publish","hentry"],"_links":{"self":[{"href":"https:\/\/azgreen.az\/az\/wp-json\/wp\/v2\/pages\/804","targetHints":{"allow":["GET"]}}],"collection":[{"href":"https:\/\/azgreen.az\/az\/wp-json\/wp\/v2\/pages"}],"about":[{"href":"https:\/\/azgreen.az\/az\/wp-json\/wp\/v2\/types\/page"}],"author":[{"embeddable":true,"href":"https:\/\/azgreen.az\/az\/wp-json\/wp\/v2\/users\/1"}],"replies":[{"embeddable":true,"href":"https:\/\/azgreen.az\/az\/wp-json\/wp\/v2\/comments?post=804"}],"version-history":[{"count":22,"href":"https:\/\/azgreen.az\/az\/wp-json\/wp\/v2\/pages\/804\/revisions"}],"predecessor-version":[{"id":1403,"href":"https:\/\/azgreen.az\/az\/wp-json\/wp\/v2\/pages\/804\/revisions\/1403"}],"wp:attachment":[{"href":"https:\/\/azgreen.az\/az\/wp-json\/wp\/v2\/media?parent=804"}],"curies":[{"name":"wp","href":"https:\/\/api.w.org\/{rel}","templated":true}]}}