{"id":776,"date":"2024-01-29T10:08:31","date_gmt":"2024-01-29T06:08:31","guid":{"rendered":"https:\/\/azgreen.az\/?page_id=776"},"modified":"2024-02-25T16:55:10","modified_gmt":"2024-02-25T12:55:10","slug":"goals-and-strategy","status":"publish","type":"page","link":"https:\/\/azgreen.az\/az\/goals-and-strategy\/","title":{"rendered":"M\u0259qs\u0259d v\u0259 strategiyamiz"},"content":{"rendered":"<div data-elementor-type=\"wp-page\" data-elementor-id=\"776\" class=\"elementor elementor-776\" data-elementor-post-type=\"page\">\n\t\t\t\t<div class=\"elementor-element elementor-element-8d27f6f e-flex e-con-boxed e-con e-parent\" data-id=\"8d27f6f\" data-element_type=\"container\" data-settings=\"{&quot;background_background&quot;:&quot;classic&quot;}\">\n\t\t\t\t\t<div class=\"e-con-inner\">\n\t\t\t\t<div class=\"elementor-element elementor-element-bf7b673 elementor-widget elementor-widget-heading\" data-id=\"bf7b673\" data-element_type=\"widget\" data-widget_type=\"heading.default\">\n\t\t\t\t<div class=\"elementor-widget-container\">\n\t\t\t\t\t<h2 class=\"elementor-heading-title elementor-size-default\">M\u0259qs\u0259dl\u0259r v\u0259 Strategiya<\/h2>\t\t\t\t<\/div>\n\t\t\t\t<\/div>\n\t\t\t\t\t<\/div>\n\t\t\t\t<\/div>\n\t\t<div class=\"elementor-element elementor-element-f909a8e e-flex e-con-boxed e-con e-parent\" data-id=\"f909a8e\" data-element_type=\"container\">\n\t\t\t\t\t<div class=\"e-con-inner\">\n\t\t<div class=\"elementor-element elementor-element-e39ac47 e-con-full e-flex e-con e-child\" data-id=\"e39ac47\" data-element_type=\"container\">\n\t\t\t\t<div class=\"elementor-element elementor-element-424a755 elementor-view-default elementor-position-top elementor-mobile-position-top elementor-widget elementor-widget-icon-box\" data-id=\"424a755\" data-element_type=\"widget\" data-widget_type=\"icon-box.default\">\n\t\t\t\t<div class=\"elementor-widget-container\">\n\t\t\t\t\t\t\t<div class=\"elementor-icon-box-wrapper\">\n\n\t\t\t\t\t\t<div class=\"elementor-icon-box-icon\">\n\t\t\t\t<span  class=\"elementor-icon\">\n\t\t\t\t<i aria-hidden=\"true\" class=\"icofont icofont-money\"><\/i>\t\t\t\t<\/span>\n\t\t\t<\/div>\n\t\t\t\n\t\t\t\t\t\t<div class=\"elementor-icon-box-content\">\n\n\t\t\t\t\t\t\t\t\t<h3 class=\"elementor-icon-box-title\">\n\t\t\t\t\t\t<span  >\n\t\t\t\t\t\t\tMinimum x\u0259rcl\u0259rl\u0259 effektiv h\u0259ll\u0259r:\t\t\t\t\t\t<\/span>\n\t\t\t\t\t<\/h3>\n\t\t\t\t\n\t\t\t\t\t\t\t\t\t<p class=\"elementor-icon-box-description\">\n\t\t\t\t\t\tBiz ekoloji probleml\u0259ri yarad\u0131c\u0131 \u015f\u0259kild\u0259 h\u0259ll etm\u0259k \n\u00fc\u00e7\u00fcn s\u0259m\u0259r\u0259li, s\u0259rf\u0259li h\u0259ll\u0259rin i\u015fl\u0259nib haz\u0131rlanmas\u0131n\nda ixtisasla\u015fm\u0131\u015f\u0131q. Diqq\u0259timiz f\u0259rq yaradan praktik \nh\u0259ll\u0259r t\u0259qdim etm\u0259kdir.\t\t\t\t\t<\/p>\n\t\t\t\t\n\t\t\t<\/div>\n\t\t\t\n\t\t<\/div>\n\t\t\t\t\t\t<\/div>\n\t\t\t\t<\/div>\n\t\t\t\t<\/div>\n\t\t<div class=\"elementor-element elementor-element-9e550b0 e-con-full e-flex e-con e-child\" data-id=\"9e550b0\" data-element_type=\"container\">\n\t\t\t\t<div class=\"elementor-element elementor-element-763af2d elementor-view-default elementor-position-top elementor-mobile-position-top elementor-widget elementor-widget-icon-box\" data-id=\"763af2d\" data-element_type=\"widget\" data-widget_type=\"icon-box.default\">\n\t\t\t\t<div class=\"elementor-widget-container\">\n\t\t\t\t\t\t\t<div class=\"elementor-icon-box-wrapper\">\n\n\t\t\t\t\t\t<div class=\"elementor-icon-box-icon\">\n\t\t\t\t<span  class=\"elementor-icon\">\n\t\t\t\t<i aria-hidden=\"true\" class=\"las la-globe\"><\/i>\t\t\t\t<\/span>\n\t\t\t<\/div>\n\t\t\t\n\t\t\t\t\t\t<div class=\"elementor-icon-box-content\">\n\n\t\t\t\t\t\t\t\t\t<h3 class=\"elementor-icon-box-title\">\n\t\t\t\t\t\t<span  >\n\t\t\t\t\t\t\tLokal v\u0259 Qlobal T\u0259sir:\t\t\t\t\t\t<\/span>\n\t\t\t\t\t<\/h3>\n\t\t\t\t\n\t\t\t\t\t\t\t\t\t<p class=\"elementor-icon-box-description\">\n\t\t\t\t\t\tAz\u0259rbaycan brendi olaraq bizim \u00f6hd\u0259liyimiz h\u0259m \nyerli, h\u0259m d\u0259 qlobal miqyaslar\u0131 \u0259hat\u0259 edir. Biz \nAz\u0259rbaycanda yerli icmam\u0131za \u0259h\u0259miyy\u0259tli t\u0259sir \ng\u00f6st\u0259r\u0259n layih\u0259l\u0259rd\u0259, eyni zamanda missiyam\u0131za \nuy\u011fun g\u0259l\u0259n beyn\u0259lxalq t\u0259\u015f\u0259bb\u00fcsl\u0259rd\u0259 f\u0259al i\u015ftirak \nedirik.\t\t\t\t\t<\/p>\n\t\t\t\t\n\t\t\t<\/div>\n\t\t\t\n\t\t<\/div>\n\t\t\t\t\t\t<\/div>\n\t\t\t\t<\/div>\n\t\t\t\t<\/div>\n\t\t\t\t\t<\/div>\n\t\t\t\t<\/div>\n\t\t<div class=\"elementor-element elementor-element-93dd212 e-flex e-con-boxed e-con e-parent\" data-id=\"93dd212\" data-element_type=\"container\">\n\t\t\t\t\t<div class=\"e-con-inner\">\n\t\t<div class=\"elementor-element elementor-element-61afaad e-con-full e-flex e-con e-child\" data-id=\"61afaad\" data-element_type=\"container\">\n\t\t\t\t<div class=\"elementor-element elementor-element-fd5d320 elementor-position-top elementor-widget elementor-widget-image-box\" data-id=\"fd5d320\" data-element_type=\"widget\" data-widget_type=\"image-box.default\">\n\t\t\t\t<div class=\"elementor-widget-container\">\n\t\t\t\t\t<div class=\"elementor-image-box-wrapper\"><figure class=\"elementor-image-box-img\"><img fetchpriority=\"high\" decoding=\"async\" width=\"512\" height=\"512\" src=\"https:\/\/azgreen.az\/wp-content\/uploads\/2024\/01\/users-group-1.png\" class=\"attachment-full size-full wp-image-795\" alt=\"\" srcset=\"https:\/\/azgreen.az\/wp-content\/uploads\/2024\/01\/users-group-1.png 512w, https:\/\/azgreen.az\/wp-content\/uploads\/2024\/01\/users-group-1-300x300.png 300w, https:\/\/azgreen.az\/wp-content\/uploads\/2024\/01\/users-group-1-150x150.png 150w\" sizes=\"(max-width: 512px) 100vw, 512px\" \/><\/figure><div class=\"elementor-image-box-content\"><h3 class=\"elementor-image-box-title\">Ekoloji Maarifl\u0259ndirm\u0259nin Art\u0131r\u0131lmas\u0131:<\/h3><p class=\"elementor-image-box-description\">\u018fsas m\u0259qs\u0259dl\u0259rimizd\u0259n biri h\u0259m d\u00f6vl\u0259t, h\u0259m d\u0259 \n\u00f6z\u0259l sektorda ekoloji probleml\u0259r haqq\u0131nda sa\nvadl\u0131l\u0131\u011f\u0131 art\u0131rmaqd\u0131r. Biz \u0259traf m\u00fchit\u0259 n\u0259zar\u0259tin \nvacibliyini vur\u011fulayaraq m\u0259suliyy\u0259tli ekoloji \nt\u0259cr\u00fcb\u0259l\u0259ri art\u0131rmaq m\u0259qs\u0259di da\u015f\u0131y\u0131r\u0131q<\/p><\/div><\/div>\t\t\t\t<\/div>\n\t\t\t\t<\/div>\n\t\t\t\t<\/div>\n\t\t<div class=\"elementor-element elementor-element-60bd972 e-con-full e-flex e-con e-child\" data-id=\"60bd972\" data-element_type=\"container\">\n\t\t\t\t<div class=\"elementor-element elementor-element-c4c60c1 elementor-position-top elementor-widget elementor-widget-image-box\" data-id=\"c4c60c1\" data-element_type=\"widget\" data-widget_type=\"image-box.default\">\n\t\t\t\t<div class=\"elementor-widget-container\">\n\t\t\t\t\t<div class=\"elementor-image-box-wrapper\"><figure class=\"elementor-image-box-img\"><img decoding=\"async\" width=\"512\" height=\"512\" src=\"https:\/\/azgreen.az\/wp-content\/uploads\/2024\/01\/green-technology.png\" class=\"attachment-full size-full wp-image-796\" alt=\"\" srcset=\"https:\/\/azgreen.az\/wp-content\/uploads\/2024\/01\/green-technology.png 512w, https:\/\/azgreen.az\/wp-content\/uploads\/2024\/01\/green-technology-300x300.png 300w, https:\/\/azgreen.az\/wp-content\/uploads\/2024\/01\/green-technology-150x150.png 150w\" sizes=\"(max-width: 512px) 100vw, 512px\" \/><\/figure><div class=\"elementor-image-box-content\"><h3 class=\"elementor-image-box-title\">\"Yamya\u015f\u0131l\" G\u0259l\u0259c\u0259k:<\/h3><p class=\"elementor-image-box-description\">\u018fn \u0259sas m\u0259qs\u0259dimiz is\u0259 g\u0259l\u0259c\u0259yimiz olan u\u015faqlar\u0131n \nsa\u011flam, dayan\u0131ql\u0131 v\u0259 t\u0259miz bir m\u00fchitd\u0259 b\u00f6y\u00fcm\u0259si \n\u00fc\u00e7\u00fcn \u201cyamya\u015f\u0131l\u201d i\u015fl\u0259r g\u00f6rm\u0259kdir. \u0130nan\u0131r\u0131q ki, ya\u015f\u0131l \nm\u0259kanlar\u0131 qorumaq v\u0259 ekoloji m\u0259suliyy\u0259ti t\u0259\u015fviq \netm\u0259kl\u0259 biz daha parlaq sabaha yol a\u00e7\u0131r\u0131q.<\/p><\/div><\/div>\t\t\t\t<\/div>\n\t\t\t\t<\/div>\n\t\t\t\t<\/div>\n\t\t\t\t\t<\/div>\n\t\t\t\t<\/div>\n\t\t\t\t<\/div>","protected":false},"excerpt":{"rendered":"<p>GOALS AND STRATEGY Efficient Solutions with Minimal Costs: We specialize in developing efficient, cost-effective solutions to address environmental challenges creatively. Our focus is on providing practical solutions that make a difference. Local and Global Impact: As an Azerbaijani brand, our commitment extends to both local and global scales. We actively engage in projects that have &hellip;<\/p>\n<p class=\"read-more\"> <a class=\"\" href=\"https:\/\/azgreen.az\/az\/goals-and-strategy\/\"> <span class=\"screen-reader-text\">M\u0259qs\u0259d v\u0259 strategiyamiz<\/span> Read More &raquo;<\/a><\/p>","protected":false},"author":1,"featured_media":0,"parent":0,"menu_order":0,"comment_status":"closed","ping_status":"closed","template":"","meta":{"site-sidebar-layout":"no-sidebar","site-content-layout":"page-builder","ast-site-content-layout":"full-width-container","site-content-style":"default","site-sidebar-style":"default","ast-global-header-display":"","ast-banner-title-visibility":"","ast-main-header-display":"","ast-hfb-above-header-display":"","ast-hfb-below-header-display":"","ast-hfb-mobile-header-display":"","site-post-title":"disabled","ast-breadcrumbs-content":"","ast-featured-img":"disabled","footer-sml-layout":"","theme-transparent-header-meta":"","adv-header-id-meta":"","stick-header-meta":"","header-above-stick-meta":"","header-main-stick-meta":"","header-below-stick-meta":"","astra-migrate-meta-layouts":"set","ast-page-background-enabled":"default","ast-page-background-meta":{"desktop":{"background-color":"var(--ast-global-color-4)","background-image":"","background-repeat":"repeat","background-position":"center center","background-size":"auto","background-attachment":"scroll","background-type":"","background-media":"","overlay-type":"","overlay-color":"","overlay-gradient":""},"tablet":{"background-color":"","background-image":"","background-repeat":"repeat","background-position":"center center","background-size":"auto","background-attachment":"scroll","background-type":"","background-media":"","overlay-type":"","overlay-color":"","overlay-gradient":""},"mobile":{"background-color":"","background-image":"","background-repeat":"repeat","background-position":"center center","background-size":"auto","background-attachment":"scroll","background-type":"","background-media":"","overlay-type":"","overlay-color":"","overlay-gradient":""}},"ast-content-background-meta":{"desktop":{"background-color":"var(--ast-global-color-5)","background-image":"","background-repeat":"repeat","background-position":"center center","background-size":"auto","background-attachment":"scroll","background-type":"","background-media":"","overlay-type":"","overlay-color":"","overlay-gradient":""},"tablet":{"background-color":"var(--ast-global-color-5)","background-image":"","background-repeat":"repeat","background-position":"center center","background-size":"auto","background-attachment":"scroll","background-type":"","background-media":"","overlay-type":"","overlay-color":"","overlay-gradient":""},"mobile":{"background-color":"var(--ast-global-color-5)","background-image":"","background-repeat":"repeat","background-position":"center center","background-size":"auto","background-attachment":"scroll","background-type":"","background-media":"","overlay-type":"","overlay-color":"","overlay-gradient":""}},"footnotes":""},"class_list":["post-776","page","type-page","status-publish","hentry"],"_links":{"self":[{"href":"https:\/\/azgreen.az\/az\/wp-json\/wp\/v2\/pages\/776","targetHints":{"allow":["GET"]}}],"collection":[{"href":"https:\/\/azgreen.az\/az\/wp-json\/wp\/v2\/pages"}],"about":[{"href":"https:\/\/azgreen.az\/az\/wp-json\/wp\/v2\/types\/page"}],"author":[{"embeddable":true,"href":"https:\/\/azgreen.az\/az\/wp-json\/wp\/v2\/users\/1"}],"replies":[{"embeddable":true,"href":"https:\/\/azgreen.az\/az\/wp-json\/wp\/v2\/comments?post=776"}],"version-history":[{"count":34,"href":"https:\/\/azgreen.az\/az\/wp-json\/wp\/v2\/pages\/776\/revisions"}],"predecessor-version":[{"id":1177,"href":"https:\/\/azgreen.az\/az\/wp-json\/wp\/v2\/pages\/776\/revisions\/1177"}],"wp:attachment":[{"href":"https:\/\/azgreen.az\/az\/wp-json\/wp\/v2\/media?parent=776"}],"curies":[{"name":"wp","href":"https:\/\/api.w.org\/{rel}","templated":true}]}}