{"id":577,"date":"2023-12-02T02:33:25","date_gmt":"2023-12-01T23:33:25","guid":{"rendered":"https:\/\/azgreen.az\/?page_id=577"},"modified":"2024-02-25T22:27:46","modified_gmt":"2024-02-25T18:27:46","slug":"who-are-we","status":"publish","type":"page","link":"https:\/\/azgreen.az\/az\/who-are-we\/","title":{"rendered":"Who-are-we"},"content":{"rendered":"<div data-elementor-type=\"wp-page\" data-elementor-id=\"577\" class=\"elementor elementor-577\" data-elementor-post-type=\"page\">\n\t\t\t\t<div class=\"elementor-element elementor-element-4508c39 e-con-full e-flex e-con e-parent\" data-id=\"4508c39\" data-element_type=\"container\" data-settings=\"{&quot;background_background&quot;:&quot;classic&quot;}\">\n\t\t\t\t<div class=\"elementor-element elementor-element-b6143bc elementor-widget elementor-widget-heading\" data-id=\"b6143bc\" data-element_type=\"widget\" data-widget_type=\"heading.default\">\n\t\t\t\t<div class=\"elementor-widget-container\">\n\t\t\t\t\t<h2 class=\"elementor-heading-title elementor-size-default\">Biz kimik<\/h2>\t\t\t\t<\/div>\n\t\t\t\t<\/div>\n\t\t\t\t<\/div>\n\t\t<div class=\"elementor-element elementor-element-c889d7b e-flex e-con-boxed e-con e-parent\" data-id=\"c889d7b\" data-element_type=\"container\">\n\t\t\t\t\t<div class=\"e-con-inner\">\n\t\t\t\t<div class=\"elementor-element elementor-element-d79e0f3 elementor-position-left elementor-vertical-align-middle elementor-widget elementor-widget-image-box\" data-id=\"d79e0f3\" data-element_type=\"widget\" data-widget_type=\"image-box.default\">\n\t\t\t\t<div class=\"elementor-widget-container\">\n\t\t\t\t\t<div class=\"elementor-image-box-wrapper\"><figure class=\"elementor-image-box-img\"><img fetchpriority=\"high\" decoding=\"async\" width=\"864\" height=\"1000\" src=\"https:\/\/azgreen.az\/wp-content\/uploads\/2023\/12\/azgreen-1-1.png\" class=\"attachment-full size-full wp-image-600\" alt=\"\" srcset=\"https:\/\/azgreen.az\/wp-content\/uploads\/2023\/12\/azgreen-1-1.png 864w, https:\/\/azgreen.az\/wp-content\/uploads\/2023\/12\/azgreen-1-1-259x300.png 259w, https:\/\/azgreen.az\/wp-content\/uploads\/2023\/12\/azgreen-1-1-768x889.png 768w\" sizes=\"(max-width: 864px) 100vw, 864px\" \/><\/figure><div class=\"elementor-image-box-content\"><p class=\"elementor-image-box-description\">AZGREEN M\u00fch\u0259ndislik v\u0259 \u018ftraf M\u00fchit Xidm\u0259tl\u0259ri enerji s\u0259m\u0259r\u0259liyini art\u0131rmaq v\u0259 \u0259traf \nm\u00fchiti qorumaq \u00fc\u00e7\u00fcn yarad\u0131c\u0131 h\u0259ll\u0259r t\u0259klif ed\u0259n \u015firk\u0259tdir. Bizim missiyam\u0131z davaml\u0131 \ninki\u015fafa m\u00fch\u0259ndislikd\u0259 m\u00fck\u0259mm\u0259lliy\u0259 \u0259saslan\u0131r.<\/p><\/div><\/div>\t\t\t\t<\/div>\n\t\t\t\t<\/div>\n\t\t\t\t<div class=\"elementor-element elementor-element-9a3f3ff elementor-position-right elementor-vertical-align-middle elementor-widget elementor-widget-image-box\" data-id=\"9a3f3ff\" data-element_type=\"widget\" data-widget_type=\"image-box.default\">\n\t\t\t\t<div class=\"elementor-widget-container\">\n\t\t\t\t\t<div class=\"elementor-image-box-wrapper\"><figure class=\"elementor-image-box-img\"><img decoding=\"async\" width=\"2560\" height=\"2558\" src=\"https:\/\/azgreen.az\/wp-content\/uploads\/2024\/01\/pexels-thomas-brenac-599705-scaled.jpg\" class=\"attachment-full size-full wp-image-761\" alt=\"\" srcset=\"https:\/\/azgreen.az\/wp-content\/uploads\/2024\/01\/pexels-thomas-brenac-599705-scaled.jpg 2560w, https:\/\/azgreen.az\/wp-content\/uploads\/2024\/01\/pexels-thomas-brenac-599705-300x300.jpg 300w, https:\/\/azgreen.az\/wp-content\/uploads\/2024\/01\/pexels-thomas-brenac-599705-1024x1024.jpg 1024w, https:\/\/azgreen.az\/wp-content\/uploads\/2024\/01\/pexels-thomas-brenac-599705-150x150.jpg 150w, https:\/\/azgreen.az\/wp-content\/uploads\/2024\/01\/pexels-thomas-brenac-599705-768x768.jpg 768w, https:\/\/azgreen.az\/wp-content\/uploads\/2024\/01\/pexels-thomas-brenac-599705-1536x1536.jpg 1536w\" sizes=\"(max-width: 2560px) 100vw, 2560px\" \/><\/figure><div class=\"elementor-image-box-content\"><h3 class=\"elementor-image-box-title\">Tariximiz<\/h3><p class=\"elementor-image-box-description\">R\u0259smi olaraq 19 yanvar 2017-ci ild\u0259 t\u0259sis edilmi\u015f AZGREEN ekoloji davaml\u0131l\u0131q v\u0259 m\u00fch\u0259ndislik \nm\u00fck\u0259mm\u0259lliyi sah\u0259l\u0259rind\u0259 \u0259h\u0259miyy\u0259tli t\u0259sir g\u00f6st\u0259rm\u0259k \u00fc\u00e7\u00fcn yarad\u0131ld\u0131.<\/p><\/div><\/div>\t\t\t\t<\/div>\n\t\t\t\t<\/div>\n\t\t\t\t<div class=\"elementor-element elementor-element-98196ae elementor-position-left elementor-vertical-align-middle elementor-widget elementor-widget-image-box\" data-id=\"98196ae\" data-element_type=\"widget\" data-widget_type=\"image-box.default\">\n\t\t\t\t<div class=\"elementor-widget-container\">\n\t\t\t\t\t<div class=\"elementor-image-box-wrapper\"><figure class=\"elementor-image-box-img\"><img decoding=\"async\" width=\"2560\" height=\"1707\" src=\"https:\/\/azgreen.az\/wp-content\/uploads\/2024\/01\/pexels-emay-11071293-scaled.jpg\" class=\"attachment-full size-full wp-image-763\" alt=\"\" srcset=\"https:\/\/azgreen.az\/wp-content\/uploads\/2024\/01\/pexels-emay-11071293-scaled.jpg 2560w, https:\/\/azgreen.az\/wp-content\/uploads\/2024\/01\/pexels-emay-11071293-300x200.jpg 300w, https:\/\/azgreen.az\/wp-content\/uploads\/2024\/01\/pexels-emay-11071293-1024x683.jpg 1024w, https:\/\/azgreen.az\/wp-content\/uploads\/2024\/01\/pexels-emay-11071293-768x512.jpg 768w, https:\/\/azgreen.az\/wp-content\/uploads\/2024\/01\/pexels-emay-11071293-1536x1024.jpg 1536w, https:\/\/azgreen.az\/wp-content\/uploads\/2024\/01\/pexels-emay-11071293-2048x1366.jpg 2048w\" sizes=\"(max-width: 2560px) 100vw, 2560px\" \/><\/figure><div class=\"elementor-image-box-content\"><h3 class=\"elementor-image-box-title\">M\u0259qs\u0259dimiz<\/h3><p class=\"elementor-image-box-description\">Biz inan\u0131r\u0131q ki, Avropa v\u0259 Az\u0259rbaycan\u0131n n\u00fcfuzlu universitetl\u0259rind\u0259 \u201c\u018ftraf m\u00fchitin idar\u0259 olun\nmas\u0131\u201d v\u0259 \u201cM\u00fch\u0259ndislik\u201d ixtisaslar\u0131 \u00fczr\u0259 t\u0259hsil alm\u0131\u015f m\u00fct\u0259x\u0259ssisl\u0259rd\u0259n ibar\u0259t komandam\u0131z, \nh\u0259m\u00e7inin uzun ill\u0259r \u0259traf m\u00fchitin m\u00fchafiz\u0259si \u00fc\u00e7\u00fcn xidm\u0259t g\u00f6st\u0259r\u0259n t\u0259r\u0259fda\u015fl\u0131\u011f\u0131m\u0131z \u0259traf \nm\u00fchit probleml\u0259rinin azald\u0131lmas\u0131nda b\u00f6y\u00fck rol oynacaq.<\/p><\/div><\/div>\t\t\t\t<\/div>\n\t\t\t\t<\/div>\n\t\t\t\t\t<\/div>\n\t\t\t\t<\/div>\n\t\t\t\t<\/div>","protected":false},"excerpt":{"rendered":"<p>WHO ARE WE? AZGREEN Engineering and Environmental Services is a forward-thinking company that offers creative solutions to enhance energy efficiency and address environmental challenges. We specialize in developing Environmental and Social Impact Assessments (ESIA), Environmental Management Systems (EMS), Environmental Reports, ESG consultation, and more. Our commitment to sustainability and engineering excellence drives our mission. Background &hellip;<\/p>\n<p class=\"read-more\"> <a class=\"\" href=\"https:\/\/azgreen.az\/az\/who-are-we\/\"> <span class=\"screen-reader-text\">Who-are-we<\/span> Read More &raquo;<\/a><\/p>","protected":false},"author":1,"featured_media":0,"parent":0,"menu_order":0,"comment_status":"closed","ping_status":"closed","template":"","meta":{"site-sidebar-layout":"no-sidebar","site-content-layout":"page-builder","ast-site-content-layout":"full-width-container","site-content-style":"default","site-sidebar-style":"default","ast-global-header-display":"","ast-banner-title-visibility":"","ast-main-header-display":"","ast-hfb-above-header-display":"","ast-hfb-below-header-display":"","ast-hfb-mobile-header-display":"","site-post-title":"disabled","ast-breadcrumbs-content":"","ast-featured-img":"disabled","footer-sml-layout":"","theme-transparent-header-meta":"","adv-header-id-meta":"","stick-header-meta":"","header-above-stick-meta":"","header-main-stick-meta":"","header-below-stick-meta":"","astra-migrate-meta-layouts":"set","ast-page-background-enabled":"default","ast-page-background-meta":{"desktop":{"background-color":"var(--ast-global-color-4)","background-image":"","background-repeat":"repeat","background-position":"center center","background-size":"auto","background-attachment":"scroll","background-type":"","background-media":"","overlay-type":"","overlay-color":"","overlay-gradient":""},"tablet":{"background-color":"","background-image":"","background-repeat":"repeat","background-position":"center center","background-size":"auto","background-attachment":"scroll","background-type":"","background-media":"","overlay-type":"","overlay-color":"","overlay-gradient":""},"mobile":{"background-color":"","background-image":"","background-repeat":"repeat","background-position":"center center","background-size":"auto","background-attachment":"scroll","background-type":"","background-media":"","overlay-type":"","overlay-color":"","overlay-gradient":""}},"ast-content-background-meta":{"desktop":{"background-color":"var(--ast-global-color-5)","background-image":"","background-repeat":"repeat","background-position":"center center","background-size":"auto","background-attachment":"scroll","background-type":"","background-media":"","overlay-type":"","overlay-color":"","overlay-gradient":""},"tablet":{"background-color":"var(--ast-global-color-5)","background-image":"","background-repeat":"repeat","background-position":"center center","background-size":"auto","background-attachment":"scroll","background-type":"","background-media":"","overlay-type":"","overlay-color":"","overlay-gradient":""},"mobile":{"background-color":"var(--ast-global-color-5)","background-image":"","background-repeat":"repeat","background-position":"center center","background-size":"auto","background-attachment":"scroll","background-type":"","background-media":"","overlay-type":"","overlay-color":"","overlay-gradient":""}},"footnotes":""},"class_list":["post-577","page","type-page","status-publish","hentry"],"_links":{"self":[{"href":"https:\/\/azgreen.az\/az\/wp-json\/wp\/v2\/pages\/577","targetHints":{"allow":["GET"]}}],"collection":[{"href":"https:\/\/azgreen.az\/az\/wp-json\/wp\/v2\/pages"}],"about":[{"href":"https:\/\/azgreen.az\/az\/wp-json\/wp\/v2\/types\/page"}],"author":[{"embeddable":true,"href":"https:\/\/azgreen.az\/az\/wp-json\/wp\/v2\/users\/1"}],"replies":[{"embeddable":true,"href":"https:\/\/azgreen.az\/az\/wp-json\/wp\/v2\/comments?post=577"}],"version-history":[{"count":33,"href":"https:\/\/azgreen.az\/az\/wp-json\/wp\/v2\/pages\/577\/revisions"}],"predecessor-version":[{"id":1400,"href":"https:\/\/azgreen.az\/az\/wp-json\/wp\/v2\/pages\/577\/revisions\/1400"}],"wp:attachment":[{"href":"https:\/\/azgreen.az\/az\/wp-json\/wp\/v2\/media?parent=577"}],"curies":[{"name":"wp","href":"https:\/\/api.w.org\/{rel}","templated":true}]}}