{"id":1242,"date":"2024-02-25T19:47:38","date_gmt":"2024-02-25T15:47:38","guid":{"rendered":"https:\/\/azgreen.az\/?page_id=1242"},"modified":"2024-02-25T19:55:02","modified_gmt":"2024-02-25T15:55:02","slug":"environmental-calendar","status":"publish","type":"page","link":"https:\/\/azgreen.az\/az\/environmental-calendar\/","title":{"rendered":"Ekoloji t\u0259qvim"},"content":{"rendered":"<div data-elementor-type=\"wp-page\" data-elementor-id=\"1242\" class=\"elementor elementor-1242\" data-elementor-post-type=\"page\">\n\t\t\t\t\t\t<section class=\"elementor-section elementor-top-section elementor-element elementor-element-2d80f16 elementor-section-boxed elementor-section-height-default elementor-section-height-default\" data-id=\"2d80f16\" data-element_type=\"section\" data-settings=\"{&quot;background_background&quot;:&quot;classic&quot;}\">\n\t\t\t\t\t\t\t<div class=\"elementor-background-overlay\"><\/div>\n\t\t\t\t\t\t\t<div class=\"elementor-container elementor-column-gap-no\">\n\t\t\t\t\t<div class=\"elementor-column elementor-col-100 elementor-top-column elementor-element elementor-element-7b24ded\" data-id=\"7b24ded\" data-element_type=\"column\">\n\t\t\t<div class=\"elementor-widget-wrap elementor-element-populated\">\n\t\t\t\t\t\t<div class=\"elementor-element elementor-element-7733324 elementor-widget elementor-widget-heading\" data-id=\"7733324\" data-element_type=\"widget\" data-widget_type=\"heading.default\">\n\t\t\t\t<div class=\"elementor-widget-container\">\n\t\t\t\t\t<h1 class=\"elementor-heading-title elementor-size-default\">Ekoloji t\u0259qvim<\/h1>\t\t\t\t<\/div>\n\t\t\t\t<\/div>\n\t\t\t\t\t<\/div>\n\t\t<\/div>\n\t\t\t\t\t<\/div>\n\t\t<\/section>\n\t\t<div class=\"elementor-element elementor-element-310a0a9 e-flex e-con-boxed e-con e-parent\" data-id=\"310a0a9\" data-element_type=\"container\">\n\t\t\t\t\t<div class=\"e-con-inner\">\n\t\t\t\t<div class=\"elementor-element elementor-element-b03797e elementor-widget elementor-widget-text-editor\" data-id=\"b03797e\" data-element_type=\"widget\" data-widget_type=\"text-editor.default\">\n\t\t\t\t<div class=\"elementor-widget-container\">\n\t\t\t\t\t\t\t\t\t<p><strong>1<\/strong>. 5 yanvar \u2013 Milli Qu\u015f G\u00fcn\u00fc<br \/><strong>2.<\/strong> 26 yanvar \u2013 Beyn\u0259lxalq T\u0259miz Enerji G\u00fcn\u00fc<br \/>D\u00fcnya Ekoloji T\u0259hsil G\u00fcn\u00fc<br \/><strong>3.<\/strong> 28 yanvar \u2013 Toxum D\u0259yi\u015fdirm\u0259 G\u00fcn\u00fc<br \/>S\u0131f\u0131r Emissiya G\u00fcn\u00fc<br \/><strong>4.<\/strong> 2 fevral \u2013 \u00dcmumd\u00fcnya su &#8211; bataql\u0131q G\u00fcn\u00fc<br \/><strong>5.<\/strong> 19 fevral &#8211; \u00dcmumd\u00fcnya Su M\u0259m\u0259lil\u0259rinin M\u00fchafiz\u0259si G\u00fcn\u00fc<br \/><strong>6.<\/strong> 27 fevral &#8211; Beyn\u0259lxalq Q\u00fctb Ay\u0131s\u0131 G\u00fcn\u00fc<br \/><strong>7.<\/strong> 22 mart \u2013 \u00dcmumd\u00fcnya su G\u00fcn\u00fc<br \/><strong>8.<\/strong> 23 mart \u2013 \u00dcmumd\u00fcnya Meteoroloq G\u00fcn\u00fc<br \/><strong>9.<\/strong> 1 aprel \u2013 Beyn\u0259lxalq Qu\u015flar G\u00fcn\u00fc<br \/><strong>10.<\/strong> 22 aprel \u2013 Yer G\u00fcn\u00fc<br \/><strong>11.<\/strong> 22 may \u2013 Beyn\u0259lxalq Biom\u00fcxt\u0259liflik G\u00fcn\u00fc<br \/><strong>12.<\/strong> 5 iyun \u2013 D\u00fcnya \u018ftraf M\u00fchitin M\u00fchafiz\u0259si G\u00fcn\u00fc<br \/><strong>13.<\/strong> 17 iyun \u2013 \u00dcmumd\u00fcnya Quraql\u0131q v\u0259 S\u0259hrala\u015fma il\u0259 M\u00fcbariz\u0259 G\u00fcn\u00fc<br \/><strong>14.<\/strong> 12 avqust &#8211; X\u0259z\u0259r G\u00fcn\u00fcd\u00fcr<br \/><strong>15.<\/strong> 16 sentyabr \u2013 Beyn\u0259lxalq Ozon T\u0259b\u0259q\u0259sinin M\u00fchafiz\u0259si G\u00fcn\u00fc<br \/><strong>16.<\/strong> Sentyabr\u0131n sonuncu h\u0259ft\u0259si &#8211; &#8220;X\u0259z\u0259r h\u0259ft\u0259si&#8221;<br \/><strong>17.<\/strong> 1-2 oktyabr &#8211; \u00dcmumd\u00fcnya Qu\u015flar\u0131n M\u00fc\u015fahid\u0259si G\u00fcn\u00fc<br \/><strong>18.<\/strong> 4 oktyabr \u2013 \u00dcmumd\u00fcnya Heyvanlar\u0131n M\u00fchafiz\u0259si G\u00fcn\u00fc<br \/><strong>19.<\/strong> 11 dekabr &#8211; Beyn\u0259lxalq\u00a0Da\u011flar\u00a0G\u00fcn\u00fc<\/p>\t\t\t\t\t\t\t\t<\/div>\n\t\t\t\t<\/div>\n\t\t\t\t\t<\/div>\n\t\t\t\t<\/div>\n\t\t\t\t<\/div>","protected":false},"excerpt":{"rendered":"<p>Environmental calendar 1. 5 yanvar \u2013 Milli Qu\u015f G\u00fcn\u00fc2. 26 yanvar \u2013 Beyn\u0259lxalq T\u0259miz Enerji G\u00fcn\u00fcD\u00fcnya Ekoloji T\u0259hsil G\u00fcn\u00fc3. 28 yanvar \u2013 Toxum D\u0259yi\u015fdirm\u0259 G\u00fcn\u00fcS\u0131f\u0131r Emissiya G\u00fcn\u00fc4. 2 fevral \u2013 \u00dcmumd\u00fcnya su &#8211; bataql\u0131q G\u00fcn\u00fc5. 19 fevral &#8211; \u00dcmumd\u00fcnya Su M\u0259m\u0259lil\u0259rinin M\u00fchafiz\u0259si G\u00fcn\u00fc6. 27 fevral &#8211; Beyn\u0259lxalq Q\u00fctb Ay\u0131s\u0131 G\u00fcn\u00fc7. 22 mart \u2013 \u00dcmumd\u00fcnya su &hellip;<\/p>\n<p class=\"read-more\"> <a class=\"\" href=\"https:\/\/azgreen.az\/az\/environmental-calendar\/\"> <span class=\"screen-reader-text\">Ekoloji t\u0259qvim<\/span> Read More &raquo;<\/a><\/p>","protected":false},"author":1,"featured_media":0,"parent":0,"menu_order":0,"comment_status":"closed","ping_status":"closed","template":"","meta":{"site-sidebar-layout":"no-sidebar","site-content-layout":"page-builder","ast-site-content-layout":"full-width-container","site-content-style":"default","site-sidebar-style":"default","ast-global-header-display":"","ast-banner-title-visibility":"","ast-main-header-display":"","ast-hfb-above-header-display":"","ast-hfb-below-header-display":"","ast-hfb-mobile-header-display":"","site-post-title":"disabled","ast-breadcrumbs-content":"","ast-featured-img":"disabled","footer-sml-layout":"","theme-transparent-header-meta":"","adv-header-id-meta":"","stick-header-meta":"","header-above-stick-meta":"","header-main-stick-meta":"","header-below-stick-meta":"","astra-migrate-meta-layouts":"set","ast-page-background-enabled":"default","ast-page-background-meta":{"desktop":{"background-color":"var(--ast-global-color-4)","background-image":"","background-repeat":"repeat","background-position":"center center","background-size":"auto","background-attachment":"scroll","background-type":"","background-media":"","overlay-type":"","overlay-color":"","overlay-gradient":""},"tablet":{"background-color":"","background-image":"","background-repeat":"repeat","background-position":"center center","background-size":"auto","background-attachment":"scroll","background-type":"","background-media":"","overlay-type":"","overlay-color":"","overlay-gradient":""},"mobile":{"background-color":"","background-image":"","background-repeat":"repeat","background-position":"center center","background-size":"auto","background-attachment":"scroll","background-type":"","background-media":"","overlay-type":"","overlay-color":"","overlay-gradient":""}},"ast-content-background-meta":{"desktop":{"background-color":"var(--ast-global-color-5)","background-image":"","background-repeat":"repeat","background-position":"center center","background-size":"auto","background-attachment":"scroll","background-type":"","background-media":"","overlay-type":"","overlay-color":"","overlay-gradient":""},"tablet":{"background-color":"var(--ast-global-color-5)","background-image":"","background-repeat":"repeat","background-position":"center center","background-size":"auto","background-attachment":"scroll","background-type":"","background-media":"","overlay-type":"","overlay-color":"","overlay-gradient":""},"mobile":{"background-color":"var(--ast-global-color-5)","background-image":"","background-repeat":"repeat","background-position":"center center","background-size":"auto","background-attachment":"scroll","background-type":"","background-media":"","overlay-type":"","overlay-color":"","overlay-gradient":""}},"footnotes":""},"class_list":["post-1242","page","type-page","status-publish","hentry"],"_links":{"self":[{"href":"https:\/\/azgreen.az\/az\/wp-json\/wp\/v2\/pages\/1242","targetHints":{"allow":["GET"]}}],"collection":[{"href":"https:\/\/azgreen.az\/az\/wp-json\/wp\/v2\/pages"}],"about":[{"href":"https:\/\/azgreen.az\/az\/wp-json\/wp\/v2\/types\/page"}],"author":[{"embeddable":true,"href":"https:\/\/azgreen.az\/az\/wp-json\/wp\/v2\/users\/1"}],"replies":[{"embeddable":true,"href":"https:\/\/azgreen.az\/az\/wp-json\/wp\/v2\/comments?post=1242"}],"version-history":[{"count":13,"href":"https:\/\/azgreen.az\/az\/wp-json\/wp\/v2\/pages\/1242\/revisions"}],"predecessor-version":[{"id":1255,"href":"https:\/\/azgreen.az\/az\/wp-json\/wp\/v2\/pages\/1242\/revisions\/1255"}],"wp:attachment":[{"href":"https:\/\/azgreen.az\/az\/wp-json\/wp\/v2\/media?parent=1242"}],"curies":[{"name":"wp","href":"https:\/\/api.w.org\/{rel}","templated":true}]}}