{"id":1185,"date":"2024-02-25T19:26:05","date_gmt":"2024-02-25T15:26:05","guid":{"rendered":"https:\/\/azgreen.az\/?page_id=1185"},"modified":"2024-02-25T19:31:02","modified_gmt":"2024-02-25T15:31:02","slug":"conventions-and-protocols","status":"publish","type":"page","link":"https:\/\/azgreen.az\/az\/conventions-and-protocols\/","title":{"rendered":"Konvensiyalar v\u0259 protokollar"},"content":{"rendered":"<div data-elementor-type=\"wp-page\" data-elementor-id=\"1185\" class=\"elementor elementor-1185\" data-elementor-post-type=\"page\">\n\t\t\t\t<div class=\"elementor-element elementor-element-3a86f05 e-flex e-con-boxed e-con e-parent\" data-id=\"3a86f05\" data-element_type=\"container\" data-settings=\"{&quot;background_background&quot;:&quot;classic&quot;}\">\n\t\t\t\t\t<div class=\"e-con-inner\">\n\t\t\t\t<div class=\"elementor-element elementor-element-1118fd6 elementor-widget elementor-widget-heading\" data-id=\"1118fd6\" data-element_type=\"widget\" data-widget_type=\"heading.default\">\n\t\t\t\t<div class=\"elementor-widget-container\">\n\t\t\t\t\t<h2 class=\"elementor-heading-title elementor-size-default\">Conventions and protocols<\/h2>\t\t\t\t<\/div>\n\t\t\t\t<\/div>\n\t\t\t\t\t<\/div>\n\t\t\t\t<\/div>\n\t\t<div class=\"elementor-element elementor-element-697d83a e-flex e-con-boxed e-con e-parent\" data-id=\"697d83a\" data-element_type=\"container\">\n\t\t\t\t\t<div class=\"e-con-inner\">\n\t\t\t\t<div class=\"elementor-element elementor-element-8d25a57 elementor-widget elementor-widget-text-editor\" data-id=\"8d25a57\" data-element_type=\"widget\" data-widget_type=\"text-editor.default\">\n\t\t\t\t<div class=\"elementor-widget-container\">\n\t\t\t\t\t\t\t\t\t<ul><li>\u00dcMUMD\u00dcNYA M\u018fD\u018fN\u0130 V\u018f T\u018fB\u0130\u0130 \u0130RS\u0130N\u0130N M\u00dcHAF\u0130Z\u018fS\u0130 HAQQINDA KONVENS\u0130YA (16 noyabr 1972-ci il) &#8211;\u00a006.12.1993<\/li><li>BMT-N\u0130N \u0130QL\u0130M D\u018fY\u0130\u015eM\u018fL\u018fR\u0130 \u00dcZR\u018f \u00c7\u018fR\u00c7\u0130V\u018f KONVENS\u0130YASI (Kioto Protokolu, 1992-ci il) &#8211;\u00a018.07.2000<\/li><li>\u00dcMUMD\u00dcNYA METEOROLOGIYA T\u018f\u015eKILATININ KONVENSIYASI &#8211;\u00a003.10.1993<br \/>BEYN\u018fLXALQ M\u00dcLKI AVIASIYA HAQQINDA KONVENSIYANIN AVIAMETEOROLOJI T\u018fMINATA DAIR 3 N\u00d6MR\u018fLI \u018fLAV\u018fSI &#8211;\u00a014.07.1992<\/li><li>\u00abK\u00d6K\u00dcN\u00dcN K\u018fS\u0130LM\u018fS\u0130 T\u018fHL\u00dcK\u018fS\u0130 OLAN V\u018fH\u015e\u0130 FAUNA V\u018f YABANI FLORA N\u00d6VL\u018fR\u0130N\u0130N BEYN\u018fLXALQ T\u0130CAR\u018fT\u0130 HAQQINDA\u00bb KONVENS\u0130YA (CITES) (Va\u015finqton \u015f\u0259h\u0259ri, 3 mart 1973-c\u00fc il) &#8211;\u00a023.07.1998<\/li><li>TRANSS\u018fRH\u018fD KONTEKST\u0130ND\u018f \u018fTRAF M\u00dcH\u0130T\u018f T\u018fS\u0130R\u0130N Q\u0130YM\u018fTL\u018fND\u0130R\u0130LM\u018fS\u0130 HAQQINDA KONVENS\u0130YA (Espo \u015f\u0259h\u0259ri, 25 fevral 1991-ci il) &#8211;\u00a001.02.1999<\/li><li>AVROPANIN CANLI T\u018fB\u0130\u018fT\u0130N\u0130N V\u018f T\u018fB\u0130\u0130 M\u00dcH\u0130T\u0130N\u0130N QORUNMASI HAQQINDA AVROPA KONVENS\u0130YASI (Bern, 19 sentyabr 1979-cu il) &#8211;\u00a028.10.1999<\/li><li>&#8220;\u018fTRAF M\u00dcH\u0130T \u0130L\u018f BA\u011eLI M\u018fS\u018fL\u018fL\u018fRD\u018f M\u018fLUMATIN \u018fLD\u018f ED\u0130LM\u018fS\u0130, \u0130CT\u0130MA\u0130YY\u018fT\u0130N Q\u018fRAR Q\u018fBUL ED\u0130LM\u018fS\u0130ND\u018f \u0130\u015eT\u0130RAKI V\u018f \u018fDAL\u018fT M\u018fHK\u018fM\u018fS\u0130N\u0130N A\u00c7IQ KE\u00c7\u0130R\u0130LM\u018fS\u0130 HAQQINDA&#8221; BMT-N\u0130N KONVENS\u0130YASI (Orxus \u015f\u0259h\u0259ri, 25 iyun 1998-ci il) &#8211; 09.11.1999<\/li><li>\u201cS\u018fRH\u018fDL\u018fRARASI KONTEKSTD\u018f \u018fTRAF M\u00dcH\u0130T\u018f T\u018fS\u0130R\u0130N Q\u0130YM\u018fTL\u018fND\u0130R\u0130LM\u018fS\u0130N\u018f DA\u0130R KONVENS\u0130YA &#8211;\u00a001.02.1999<\/li><li>&#8220;OZON QATINI DA\u011eIDAN MADD\u018fL\u018fR \u00dcZR\u018f\u201d MONREAL PROTOKOLU (15-17 sentyabr, 1997-ci il) &#8211;\u00a018.07.2000<\/li><li>B\u0130OLOJ\u0130 M\u00dcXT\u018fL\u0130FL\u0130K HAQQINDA KONVENS\u0130YA (5 iyun 1992-ci il), B\u0130OLOJ\u0130 M\u00dcXT\u018fL\u0130FL\u0130K HAQQINDA KONVENS\u0130YAYA B\u0130OT\u018fHL\u00dcK\u018fS\u0130ZL\u0130Y\u018f DA\u0130R KARTAGENA PROTOKOLU &#8211; 23.03.2005<\/li><li>B\u0130TK\u0130 M\u00dcHAF\u0130Z\u018fS\u0130 HAQQINDA BEYN\u018fLXALQ KONVENS\u0130YA (Roma, 1951-ci il) &#8211; 14.03.2000<\/li><li>B\u0130RL\u018f\u015eM\u0130\u015e M\u0130LL\u018fTL\u018fR T\u018f\u015eK\u0130LATININ &#8220;S\u018fRH\u018fDD\u018fN KE\u00c7\u018fN SU AXINLARININ V\u018f BEYN\u018fLXALQ G\u00d6LL\u018fR\u0130N M\u00dcHAF\u0130Z\u018fS\u0130 V\u018f \u0130ST\u0130FAD\u018fS\u0130 \u00dcZR\u018f&#8221; KONVENS\u0130YASI (Helsinki \u015f\u0259h\u0259ri, 17 mart 1992-ci il) &#8211; 22.10.2002<\/li><li>YUNESKO-NUN &#8220;\u018fSAS\u018fN SU QU\u015eLARININ YA\u015eAMA YERL\u018fR\u0130 K\u0130M\u0130 BEYN\u018fLXALQ \u018fH\u018fM\u0130YY\u018fTL\u0130 OLAN SULU-BATAQLIQ YERL\u018fR HAQQINDA&#8221; KONVENS\u0130YASI (Ramsar \u015f\u0259h\u0259ri, 2 fevral 1971-ci il) &#8211; 18.07.2000<\/li><li>B\u0130RL\u018f\u015eM\u0130\u015e M\u0130LL\u018fTL\u018fR T\u018f\u015eK\u0130LATININ \u201cT\u018fHL\u00dcK\u018fL\u0130 TULLANTILARIN S\u018fRH\u018fDL\u018fRARASI DA\u015eINMASINA V\u018f K\u018fNARLA\u015eDIRILMASINA N\u018fZAR\u018fT HAQQINDA\u201d BAZEL KONVENS\u0130YASI (Bazel \u015f\u0259h\u0259ri, 22 mart 1989-cu il) &#8211; 16.02.2001<\/li><li>&#8220;B\u00d6Y\u00dcK M\u018fSAF\u018fL\u018fRD\u018f HAVANIN TRANSS\u018fRH\u018fD \u00c7\u0130RKL\u018fND\u0130R\u0130LM\u018fS\u0130 HAQQINDA&#8221; KONVENS\u0130YA (Cenevr\u0259 \u015f\u0259h\u0259ri, 13 noyabr 1979-cu il) &#8211; 09.04.2002<\/li><li>&#8220;DAVAMLI \u00dcZV\u0130 \u00c7\u0130RKL\u018fND\u0130R\u0130C\u0130L\u018fR HAQQINDA&#8221; STOKHOLM KONVENS\u0130YASI (22 may 2001-ci il) &#8211; 09.12.2003<\/li><li>&#8220;S\u018fNAYE Q\u018fZALARININ TRANSS\u018fRH\u018fD T\u018fS\u0130R\u0130 HAQQINDA&#8221; KONVENS\u0130YA (Helsinki \u015f\u0259h\u0259ri, 17 mart 1992-ci il) &#8211; 04.05.2004<\/li><li>&#8220;X\u018fZ\u018fR D\u018fN\u0130Z\u0130N\u0130N D\u018fN\u0130Z \u018fTRAF M\u00dcH\u0130T\u0130N\u0130N M\u00dcHAF\u0130Z\u018fS\u0130 HAQQINDA&#8221; \u00c7\u018fR\u00c7\u0130V\u018f KONVENS\u0130YASI (Tehran \u015f\u0259h\u0259ri, 4 noyabr 2003-c\u00fc il) &#8211; 04.04.2006<\/li><li>\u201cAVROPA LAND\u015eAFT KONVENSIYASI\u201d (Florensiya \u015f\u0259h\u0259ri, 2000-ci il oktyabr ay\u0131) &#8211; 24.06.2011<\/li><\/ul>\t\t\t\t\t\t\t\t<\/div>\n\t\t\t\t<\/div>\n\t\t\t\t\t<\/div>\n\t\t\t\t<\/div>\n\t\t\t\t<\/div>","protected":false},"excerpt":{"rendered":"<p>Conventions and protocols \u00dcMUMD\u00dcNYA M\u018fD\u018fN\u0130 V\u018f T\u018fB\u0130\u0130 \u0130RS\u0130N\u0130N M\u00dcHAF\u0130Z\u018fS\u0130 HAQQINDA KONVENS\u0130YA (16 noyabr 1972-ci il) &#8211;\u00a006.12.1993 BMT-N\u0130N \u0130QL\u0130M D\u018fY\u0130\u015eM\u018fL\u018fR\u0130 \u00dcZR\u018f \u00c7\u018fR\u00c7\u0130V\u018f KONVENS\u0130YASI (Kioto Protokolu, 1992-ci il) &#8211;\u00a018.07.2000 \u00dcMUMD\u00dcNYA METEOROLOGIYA T\u018f\u015eKILATININ KONVENSIYASI &#8211;\u00a003.10.1993BEYN\u018fLXALQ M\u00dcLKI AVIASIYA HAQQINDA KONVENSIYANIN AVIAMETEOROLOJI T\u018fMINATA DAIR 3 N\u00d6MR\u018fLI \u018fLAV\u018fSI &#8211;\u00a014.07.1992 \u00abK\u00d6K\u00dcN\u00dcN K\u018fS\u0130LM\u018fS\u0130 T\u018fHL\u00dcK\u018fS\u0130 OLAN V\u018fH\u015e\u0130 FAUNA V\u018f YABANI FLORA N\u00d6VL\u018fR\u0130N\u0130N BEYN\u018fLXALQ T\u0130CAR\u018fT\u0130 &hellip;<\/p>\n<p class=\"read-more\"> <a class=\"\" href=\"https:\/\/azgreen.az\/az\/conventions-and-protocols\/\"> <span class=\"screen-reader-text\">Konvensiyalar v\u0259 protokollar<\/span> Read More &raquo;<\/a><\/p>","protected":false},"author":1,"featured_media":0,"parent":0,"menu_order":0,"comment_status":"closed","ping_status":"closed","template":"","meta":{"site-sidebar-layout":"no-sidebar","site-content-layout":"page-builder","ast-site-content-layout":"full-width-container","site-content-style":"default","site-sidebar-style":"default","ast-global-header-display":"","ast-banner-title-visibility":"","ast-main-header-display":"","ast-hfb-above-header-display":"","ast-hfb-below-header-display":"","ast-hfb-mobile-header-display":"","site-post-title":"disabled","ast-breadcrumbs-content":"","ast-featured-img":"disabled","footer-sml-layout":"","theme-transparent-header-meta":"","adv-header-id-meta":"","stick-header-meta":"","header-above-stick-meta":"","header-main-stick-meta":"","header-below-stick-meta":"","astra-migrate-meta-layouts":"set","ast-page-background-enabled":"default","ast-page-background-meta":{"desktop":{"background-color":"var(--ast-global-color-4)","background-image":"","background-repeat":"repeat","background-position":"center center","background-size":"auto","background-attachment":"scroll","background-type":"","background-media":"","overlay-type":"","overlay-color":"","overlay-gradient":""},"tablet":{"background-color":"","background-image":"","background-repeat":"repeat","background-position":"center center","background-size":"auto","background-attachment":"scroll","background-type":"","background-media":"","overlay-type":"","overlay-color":"","overlay-gradient":""},"mobile":{"background-color":"","background-image":"","background-repeat":"repeat","background-position":"center center","background-size":"auto","background-attachment":"scroll","background-type":"","background-media":"","overlay-type":"","overlay-color":"","overlay-gradient":""}},"ast-content-background-meta":{"desktop":{"background-color":"var(--ast-global-color-5)","background-image":"","background-repeat":"repeat","background-position":"center center","background-size":"auto","background-attachment":"scroll","background-type":"","background-media":"","overlay-type":"","overlay-color":"","overlay-gradient":""},"tablet":{"background-color":"var(--ast-global-color-5)","background-image":"","background-repeat":"repeat","background-position":"center center","background-size":"auto","background-attachment":"scroll","background-type":"","background-media":"","overlay-type":"","overlay-color":"","overlay-gradient":""},"mobile":{"background-color":"var(--ast-global-color-5)","background-image":"","background-repeat":"repeat","background-position":"center center","background-size":"auto","background-attachment":"scroll","background-type":"","background-media":"","overlay-type":"","overlay-color":"","overlay-gradient":""}},"footnotes":""},"class_list":["post-1185","page","type-page","status-publish","hentry"],"_links":{"self":[{"href":"https:\/\/azgreen.az\/az\/wp-json\/wp\/v2\/pages\/1185","targetHints":{"allow":["GET"]}}],"collection":[{"href":"https:\/\/azgreen.az\/az\/wp-json\/wp\/v2\/pages"}],"about":[{"href":"https:\/\/azgreen.az\/az\/wp-json\/wp\/v2\/types\/page"}],"author":[{"embeddable":true,"href":"https:\/\/azgreen.az\/az\/wp-json\/wp\/v2\/users\/1"}],"replies":[{"embeddable":true,"href":"https:\/\/azgreen.az\/az\/wp-json\/wp\/v2\/comments?post=1185"}],"version-history":[{"count":13,"href":"https:\/\/azgreen.az\/az\/wp-json\/wp\/v2\/pages\/1185\/revisions"}],"predecessor-version":[{"id":1199,"href":"https:\/\/azgreen.az\/az\/wp-json\/wp\/v2\/pages\/1185\/revisions\/1199"}],"wp:attachment":[{"href":"https:\/\/azgreen.az\/az\/wp-json\/wp\/v2\/media?parent=1185"}],"curies":[{"name":"wp","href":"https:\/\/api.w.org\/{rel}","templated":true}]}}